{"id":21,"date":"2022-02-02T11:03:46","date_gmt":"2022-02-02T11:03:46","guid":{"rendered":"https:\/\/sunsmit.com\/?page_id=21"},"modified":"2022-05-20T13:39:58","modified_gmt":"2022-05-20T13:39:58","slug":"about-us","status":"publish","type":"page","link":"https:\/\/sunsmit.com\/pl\/about-us\/","title":{"rendered":"O nas"},"content":{"rendered":"<div class=\"site-content layout-fullwidth post-sidebar-disabled layout-narrow-enabled section-heading-default-style-1\">\n<div class=\"cs-container\">\n<div id=\"content\" class=\"main-content\">\n<div id=\"primary\" class=\"content-area\"><main id=\"main\" class=\"site-main\" role=\"main\"><\/p>\n<article id=\"page-21\" class=\"post-21 page type-page status-publish\">\n<div class=\"page-wrap\">\n<div class=\"page-main\">\n<div class=\"entry-content\">\n<p><span><span class=\"\">Nasza strona jest informacyjn\u0105 stron\u0105 internetow\u0105 specjalizuj\u0105c\u0105 si\u0119 w\u00a0<\/span><\/span><span lang=\"en\"><span><span class=\"\">dekorowaniu domu i pomys\u0142ach na kuchni\u0119, aby unowocze\u015bni\u0107 sw\u00f3j dom w dobrym stylu.<\/span><\/span><\/span><\/p>\n<p><span>Zosta\u0142 opracowany, aby zainspirowa\u0107 ludzi zainteresowanych praktycznymi poradami i pomys\u0142ami na temat niekt\u00f3rych z najbardziej innowacyjnych pomys\u0142\u00f3w i projekt\u00f3w ulepsze\u0144 domu, sypialni, kuchni i ogrodu, najnowszych trend\u00f3w w wystroju wn\u0119trz, mebli, akcesori\u00f3w, a tak\u017ce wskaz\u00f3wek i przewodnik\u00f3w.<\/span><\/p>\n<p><span><span class=\"goog-text-highlight\">Na blogu znajdziesz klasyczne porady i przydatne informacje na temat najnowszych trend\u00f3w w<\/span><\/span><br \/>\n<em><strong><span><span class=\"goog-text-highlight\">dekoracji wn\u0119trz, wystroju wn\u0119trz, przebudowie sypialni i kuchni<\/span><\/span><\/strong><\/em><\/p>\n<\/div>\n<\/div>\n<\/div>\n<\/article>\n<p><\/main><\/div>\n<\/div>\n<\/div>\n<\/div>\n<footer class=\"site-footer section-heading-default-style-1\">\n<div class=\"footer-section\">\n<div class=\"cs-container\">\n<div class=\"footer-info\"><\/div>\n<\/div>\n<\/div>\n<\/footer>\n<p>&nbsp;<\/p>\n","protected":false},"excerpt":{"rendered":"<p>Nasza strona jest informacyjn\u0105 stron\u0105 internetow\u0105 specjalizuj\u0105c\u0105 si\u0119 w\u00a0dekorowaniu domu i pomys\u0142ach na kuchni\u0119, aby unowocze\u015bni\u0107 sw\u00f3j dom w dobrym stylu. Zosta\u0142 opracowany, aby zainspirowa\u0107 ludzi zainteresowanych praktycznymi poradami i&hellip;<\/p>\n","protected":false},"author":1,"featured_media":0,"parent":0,"menu_order":0,"comment_status":"closed","ping_status":"closed","template":"","meta":{"footnotes":""},"class_list":["post-21","page","type-page","status-publish"],"_links":{"self":[{"href":"https:\/\/sunsmit.com\/pl\/wp-json\/wp\/v2\/pages\/21","targetHints":{"allow":["GET"]}}],"collection":[{"href":"https:\/\/sunsmit.com\/pl\/wp-json\/wp\/v2\/pages"}],"about":[{"href":"https:\/\/sunsmit.com\/pl\/wp-json\/wp\/v2\/types\/page"}],"author":[{"embeddable":true,"href":"https:\/\/sunsmit.com\/pl\/wp-json\/wp\/v2\/users\/1"}],"replies":[{"embeddable":true,"href":"https:\/\/sunsmit.com\/pl\/wp-json\/wp\/v2\/comments?post=21"}],"version-history":[{"count":1,"href":"https:\/\/sunsmit.com\/pl\/wp-json\/wp\/v2\/pages\/21\/revisions"}],"predecessor-version":[{"id":491,"href":"https:\/\/sunsmit.com\/pl\/wp-json\/wp\/v2\/pages\/21\/revisions\/491"}],"wp:attachment":[{"href":"https:\/\/sunsmit.com\/pl\/wp-json\/wp\/v2\/media?parent=21"}],"curies":[{"name":"wp","href":"https:\/\/api.w.org\/{rel}","templated":true}]}}